{"id":12321,"date":"2022-03-28T07:42:56","date_gmt":"2022-03-28T07:42:56","guid":{"rendered":"https:\/\/corpsite.nonprod.3d4medical.com\/tt-page"},"modified":"2022-03-28T08:07:16","modified_gmt":"2022-03-28T08:07:16","slug":"tt-page","status":"publish","type":"page","link":"https:\/\/3d4medical.com\/es\/tt-page","title":{"rendered":"Probando la p\u00e1gina de traducci\u00f3n"},"content":{"rendered":"\n<p>Traduce este texto por favor.<\/p>\n\n<p>Enriquezca su comprensi\u00f3n de las estructuras fisiol\u00f3gicas clave con nuestro conjunto de m\u00e1s de 25 modelos interactivos de anatom\u00eda microsc\u00f3pica. Siga el proceso de ovog\u00e9nesis y tambi\u00e9n comprenda las similitudes embriol\u00f3gicas que existen entre los genitales externos masculinos y femeninos.<\/p>\n","protected":false},"excerpt":{"rendered":"<p>Traduce este texto por favor. Enriquezca su comprensi\u00f3n de las estructuras fisiol\u00f3gicas clave con nuestro conjunto de m\u00e1s de 25 modelos interactivos de anatom\u00eda microsc\u00f3pica. Siga el proceso de ovog\u00e9nesis y tambi\u00e9n comprenda las similitudes embriol\u00f3gicas que existen entre los genitales externos masculinos y femeninos.<a class=\"more-link\" href=\"https:\/\/3d4medical.com\/es\/tt-page\">Leer art\u00edculo<\/a><\/p>\n","protected":false},"author":30,"featured_media":0,"parent":0,"menu_order":0,"comment_status":"closed","ping_status":"closed","template":"","meta":{"_acf_changed":false,"footnotes":""},"categories":[],"tags":[],"acf":[],"aioseo_notices":[],"_links":{"self":[{"href":"https:\/\/3d4medical.com\/es\/wp-json\/wp\/v2\/pages\/12321"}],"collection":[{"href":"https:\/\/3d4medical.com\/es\/wp-json\/wp\/v2\/pages"}],"about":[{"href":"https:\/\/3d4medical.com\/es\/wp-json\/wp\/v2\/types\/page"}],"author":[{"embeddable":true,"href":"https:\/\/3d4medical.com\/es\/wp-json\/wp\/v2\/users\/30"}],"replies":[{"embeddable":true,"href":"https:\/\/3d4medical.com\/es\/wp-json\/wp\/v2\/comments?post=12321"}],"version-history":[{"count":2,"href":"https:\/\/3d4medical.com\/es\/wp-json\/wp\/v2\/pages\/12321\/revisions"}],"predecessor-version":[{"id":12325,"href":"https:\/\/3d4medical.com\/es\/wp-json\/wp\/v2\/pages\/12321\/revisions\/12325"}],"wp:attachment":[{"href":"https:\/\/3d4medical.com\/es\/wp-json\/wp\/v2\/media?parent=12321"}],"wp:term":[{"taxonomy":"category","embeddable":true,"href":"https:\/\/3d4medical.com\/es\/wp-json\/wp\/v2\/categories?post=12321"},{"taxonomy":"post_tag","embeddable":true,"href":"https:\/\/3d4medical.com\/es\/wp-json\/wp\/v2\/tags?post=12321"}],"curies":[{"name":"wp","href":"https:\/\/api.w.org\/{rel}","templated":true}]}}