{"id":15446,"date":"2019-04-02T15:25:46","date_gmt":"2019-04-02T15:25:46","guid":{"rendered":"https:\/\/corpsite.nonprod.3d4medical.com\/?page_id=15446"},"modified":"2024-10-17T04:35:55","modified_gmt":"2024-10-17T04:35:55","slug":"use-of-imagery-videos","status":"publish","type":"page","link":"https:\/\/3d4medical.com\/de\/use-of-imagery-videos","title":{"rendered":"Verwendung von Bildmaterial und Videos"},"content":{"rendered":"\n<section class=\"permission-section\" id=\"permission\">\n    <p>Complete Anatomy ist eine der innovativsten und international mehrfach pr\u00e4mierten Plattformen f\u00fcr die Erstellung und den Austausch medizinischer Lerninhalte.<\/p>\n<p>\u00a0<\/p>\n\n\n<h2>Innerhalb der Plattform<\/h2>\n<p>Inhaber einer <a href=\"https:\/\/3d4medical.com\/de\/institutional\" rel=\"noopener noreferrer\"> Institutional-Lizenz<\/a> k\u00f6nnen ihre eigenen Lehrplaninhalte innerhalb der Plattform erstellen und sie in der App mit allen Studierenden, die eine Student-Lizenz besitzen, auf allen ihren Ger\u00e4ten teilen.<\/p>\n<p>\u00a0<\/p>\n\n\n<h2>Au\u00dferhalb der Plattform<\/h2>\n    <p>Jeder Kunde (<em>zahlender Linzenzinhaber<\/em>) von Complete Anatomy darf bis zu 5 Bilder und 10 Sekunden eines Videos von Complete Anatomy einmalig, pro Anwendung kostenlos weitergeben, vorausgesetzt, dass:<\/p>\n    <ul>\n        <li>\n            <div><svg xmlns=\"http:\/\/www.w3.org\/2000\/svg\" width=\"24\" height=\"24\" viewbox=\"0 0 24 24\"><path fill=\"none\" d=\"M0 0h24v24H0V0z\"><\/path><path d=\"M12 2C6.48 2 2 6.48 2 12s4.48 10 10 10 10-4.48 10-10S17.52 2 12 2zM9.29 16.29L5.7 12.7c-.39-.39-.39-1.02 0-1.41.39-.39 1.02-.39 1.41 0L10 14.17l6.88-6.88c.39-.39 1.02-.39 1.41 0 .39.39.39 1.02 0 1.41l-7.59 7.59c-.38.39-1.02.39-1.41 0z\"><\/path><\/svg>\n            <\/div>\n            <div>Die Materialien <em>werden nicht in irgendeiner Form verkauft<\/em>.<\/div>\n        <\/li>\n        <li>\n            <div><svg xmlns=\"http:\/\/www.w3.org\/2000\/svg\" width=\"24\" height=\"24\" viewbox=\"0 0 24 24\"><path fill=\"none\" d=\"M0 0h24v24H0V0z\"><\/path><path d=\"M12 2C6.48 2 2 6.48 2 12s4.48 10 10 10 10-4.48 10-10S17.52 2 12 2zM9.29 16.29L5.7 12.7c-.39-.39-.39-1.02 0-1.41.39-.39 1.02-.39 1.41 0L10 14.17l6.88-6.88c.39-.39 1.02-.39 1.41 0 .39.39.39 1.02 0 1.41l-7.59 7.59c-.38.39-1.02.39-1.41 0z\"><\/path><\/svg>\n            <\/div>\n            <div>Der Inhalt enth\u00e4lt die <em>Angabe &#8220;Bild mit freundlicher Genehmigung von Complete Anatomy&#8221;<\/em>, die zusammen mit dem Bild oder Video angezeigt wird, und bei sozialen Medien die Angabe &#8220;Dank an @3D4Medical&#8221; in der Beschreibung.<\/div>\n        <\/li>\n        <li>\n            <div><svg xmlns=\"http:\/\/www.w3.org\/2000\/svg\" width=\"24\" height=\"24\" viewbox=\"0 0 24 24\"><path fill=\"none\" d=\"M0 0h24v24H0V0z\"><\/path><path d=\"M12 2C6.48 2 2 6.48 2 12s4.48 10 10 10 10-4.48 10-10S17.52 2 12 2zM9.29 16.29L5.7 12.7c-.39-.39-.39-1.02 0-1.41.39-.39 1.02-.39 1.41 0L10 14.17l6.88-6.88c.39-.39 1.02-.39 1.41 0 .39.39.39 1.02 0 1.41l-7.59 7.59c-.38.39-1.02.39-1.41 0z\"><\/path><\/svg>\n            <\/div>\n        <div>Die Materialien <em>unterst\u00fctzen keine Werbeeinnahmen<\/em>.<\/div>\n        <\/li>\n    <\/ul>\n<\/section>\n\n<!-- end of permission section -->\n\n<section>\n    <h2>Alle anderen Anfragen<\/h2>\n    <h3>Einsatz von Bildern und Videos in p\u00e4dagogischen Vorlesungen und Vortr\u00e4gen<\/h3>\n    <ul>\n        <li>\n            <div>\n                <svg xmlns=\"http:\/\/www.w3.org\/2000\/svg\" width=\"24\" height=\"24\" viewbox=\"0 0 24 24\"><path fill=\"none\" d=\"M0 0h24v24H0V0z\"><\/path><path d=\"M12 2C6.48 2 2 6.48 2 12s4.48 10 10 10 10-4.48 10-10S17.52 2 12 2zM9.29 16.29L5.7 12.7c-.39-.39-.39-1.02 0-1.41.39-.39 1.02-.39 1.41 0L10 14.17l6.88-6.88c.39-.39 1.02-.39 1.41 0 .39.39.39 1.02 0 1.41l-7.59 7.59c-.38.39-1.02.39-1.41 0z\"><\/path><\/svg>\n            <\/div>\n        <div>\n            Inhaber einer <a href=\"https:\/\/3d4medical.com\/de\/institutional\">Instituts-Lizenz<\/a> d\u00fcrfen Bilder und Videos f\u00fcr Pr\u00e4sentationszwecke in einem institutionellen Umfeld verwenden.\n        <\/div>\n        <\/li>\n        <li>\n            <div>\n                <svg xmlns=\"http:\/\/www.w3.org\/2000\/svg\" width=\"24\" height=\"24\" viewbox=\"0 0 24 24\"><path fill=\"none\" d=\"M0 0h24v24H0V0z\"><\/path><path d=\"M12 2C6.48 2 2 6.48 2 12s4.48 10 10 10 10-4.48 10-10S17.52 2 12 2zM9.29 16.29L5.7 12.7c-.39-.39-.39-1.02 0-1.41.39-.39 1.02-.39 1.41 0L10 14.17l6.88-6.88c.39-.39 1.02-.39 1.41 0 .39.39.39 1.02 0 1.41l-7.59 7.59c-.38.39-1.02.39-1.41 0z\"><\/path><\/svg>\n            <\/div>\n        <div>\n            Die Verwendung in Vortr\u00e4gen, Pr\u00e4sentationen oder Gespr\u00e4chen in einem kommerziellen Umfeld (z. B. im Bildungsbereich) erfordert eine Genehmigung. Bitte stellen Sie Ihren Antrag <a href=\"https:\/\/www.elsevier.com\/solutions\/complete-anatomy\/request-permissions\">hier<\/a>.\n        <\/div>\n        <\/li>\n    <\/ul>\n    <h3>Verwendung von Bildern und Videos in p\u00e4dagogischen, medizinischen und wissenschaftlichen Publikationen oder zur Patientenaufkl\u00e4rung in der Praxis<\/h3>\n    <ul>\n        <li>\n            <div>\n                <svg xmlns=\"http:\/\/www.w3.org\/2000\/svg\" width=\"24\" height=\"24\" viewbox=\"0 0 24 24\"><path fill=\"none\" d=\"M0 0h24v24H0V0z\"><\/path><path d=\"M12 2C6.48 2 2 6.48 2 12s4.48 10 10 10 10-4.48 10-10S17.52 2 12 2zM9.29 16.29L5.7 12.7c-.39-.39-.39-1.02 0-1.41.39-.39 1.02-.39 1.41 0L10 14.17l6.88-6.88c.39-.39 1.02-.39 1.41 0 .39.39.39 1.02 0 1.41l-7.59 7.59c-.38.39-1.02.39-1.41 0z\"><\/path><\/svg>\n            <\/div>\n        <div>\n            Inhaber einer <a href=\"https:\/\/3d4medical.com\/de\/student\">Student-Lizenz<\/a> d\u00fcrfen bis zu <em>5 Bildern und 10 Sekunden Video<\/em> pro Ver\u00f6ffentlichung und Jahr verwenden.\n        <\/div>\n        <\/li>\n        <li>\n            <div>\n                <svg xmlns=\"http:\/\/www.w3.org\/2000\/svg\" width=\"24\" height=\"24\" viewbox=\"0 0 24 24\"><path fill=\"none\" d=\"M0 0h24v24H0V0z\"><\/path><path d=\"M12 2C6.48 2 2 6.48 2 12s4.48 10 10 10 10-4.48 10-10S17.52 2 12 2zM9.29 16.29L5.7 12.7c-.39-.39-.39-1.02 0-1.41.39-.39 1.02-.39 1.41 0L10 14.17l6.88-6.88c.39-.39 1.02-.39 1.41 0 .39.39.39 1.02 0 1.41l-7.59 7.59c-.38.39-1.02.39-1.41 0z\"><\/path><\/svg>\n            <\/div>\n        <div>\n            <a href=\"\/professional\">Besitzer einer professionellen Lizenz<\/a> d\u00fcrfen bis zu <em>20 Bilder oder 20 Videos<\/em> pro Ver\u00f6ffentlichung und Jahr verwenden.\n        <\/div>\n        <\/li>\n    <\/ul>\n    <p>\n        Bitte beachten Sie, dass jede Nutzung, die \u00fcber die oben genannten Grenzen hinausgeht, eine kostenpflichtige Genehmigung erfordert. Bitte stellen Sie Ihre Anfrage <a href=\"https:\/\/www.elsevier.com\/solutions\/complete-anatomy\/request-permissions\">hier<\/a>. Bitte f\u00fcgen Sie eine detaillierte Beschreibung bei, wie und wo Sie unsere Bilder und Videos verwenden m\u00f6chten. Wenn die erforderlichen Informationen nicht enthalten sind, kann dies zu einer Verz\u00f6gerung Ihrer Anfrage f\u00fchren.\n    <\/p>\n    <h3>Verwendung von Bildmaterial und Videos in kommerziellen Produkten und Ver\u00f6ffentlichungen, einschlie\u00dflich werbefinanzierter Plattformen (YouTube, TikTok, BiliBili und \u00e4hnliche)<\/h3>\n    <ul>\n        <li>\n            <div>\n                <svg xmlns=\"http:\/\/www.w3.org\/2000\/svg\" width=\"24\" height=\"24\" viewbox=\"0 0 24 24\"><path fill=\"none\" d=\"M0 0h24v24H0V0z\"><\/path><path d=\"M12 2C6.48 2 2 6.48 2 12s4.48 10 10 10 10-4.48 10-10S17.52 2 12 2zM9.29 16.29L5.7 12.7c-.39-.39-.39-1.02 0-1.41.39-.39 1.02-.39 1.41 0L10 14.17l6.88-6.88c.39-.39 1.02-.39 1.41 0 .39.39.39 1.02 0 1.41l-7.59 7.59c-.38.39-1.02.39-1.41 0z\"><\/path><\/svg>\n            <\/div>\n        <div>\n           Die Verwendung von Bildern und Videos ist f\u00fcr den oben genannten Zweck gegen eine Geb\u00fchr gestattet. Die Preise beginnen bei $300 USD pro Bild und $1000 USD pro Video. Bitte reichen Sie Ihre Anfrage <a href=\"https:\/\/www.elsevier.com\/solutions\/complete-anatomy\/request-permissions\">hier<\/a> ein. Bitte f\u00fcgen Sie unbedingt eine ausf\u00fchrliche Beschreibung bei, wie und wo Sie unsere Bilder und Videos verwenden m\u00f6chten. Wenn Sie die erforderlichen Informationen nicht angeben, kann sich die Bearbeitung Ihrer Anfrage verz\u00f6gern.\n        <\/div>\n        <\/li>\n    <\/ul>\n    <h3>Verwendung von Bildmaterial und Videos in Ver\u00f6ffentlichungen, die 3D4Medical-Produkte beschreiben, bewerten oder empfehlen.<\/h3>\n    <ul>\n        <li>\n            <div>\n                <svg xmlns=\"http:\/\/www.w3.org\/2000\/svg\" width=\"24\" height=\"24\" viewbox=\"0 0 24 24\"><path fill=\"none\" d=\"M0 0h24v24H0V0z\"><\/path><path d=\"M12 2C6.48 2 2 6.48 2 12s4.48 10 10 10 10-4.48 10-10S17.52 2 12 2zM9.29 16.29L5.7 12.7c-.39-.39-.39-1.02 0-1.41.39-.39 1.02-.39 1.41 0L10 14.17l6.88-6.88c.39-.39 1.02-.39 1.41 0 .39.39.39 1.02 0 1.41l-7.59 7.59c-.38.39-1.02.39-1.41 0z\"><\/path><\/svg>\n            <\/div>\n        <div>\n            Die Verwendung von Bild- und Videomaterial f\u00fcr den oben genannten Zweck bedarf der Genehmigung durch unsere Kommunikationsabteilung. Bitte stellen Sie Ihre Anfrage <a href=\"https:\/\/de.service.elsevier.com\/app\/contact\/supporthub\/complete-anatomy\/\">hier<\/a>.\n        <\/div>\n        <\/li>\n    <\/ul>\n<\/section>\n\n<section class=\"faqs\">\n<h2>FAQs<\/h2>\n     <div class=\"accordion\">\n        <div class=\"acc-selector\">\n            <h3 class=\"selector\"><div>Kann ich Ihre Bilder und Inhalte exportieren und ausdrucken, um sie weiterzugeben?<\/div> <\/h3>\n            <div class=\"acc-content\">Die Erlaubnis zur Verwendung des Materials von Complete Anatomy in Vorlesungen und Kursunterlagen wird nur erteilt, wenn: <br\/>\n                <br\/>\n                &#8211; Die Einrichtung im Besitz einer <a href=\"https:\/\/3d4medical.com\/de\/institutional\">Institutional-Lizenz<\/a> ist.<br\/>\n                &#8211; Die Materialien ausschlie\u00dflich an Studierende innerhalb der Einrichtung weitergegeben werden, die die <a href=\"https:\/\/3d4medical.com\/de\/institutional\">IInstitutional-Lizenz<\/a> besitzt.<br\/>\n                <br\/>\n                Einrichtungen k\u00f6nnen auch die <a href=\"https:\/\/de.service.elsevier.com\/app\/answers\/detail\/a_id\/35873\/supporthub\/complete-anatomy\/kw\/deep+link\/\">Deep Link Funktion<\/a> von Complete Anatomy nutzen, um Links weiterzugeben, die Nutzer zu bestimmten Inhalten innerhalb der App f\u00fchren.\n            <\/div>\n        <\/div>\n        <div class=\"acc-selector\">\n            <h3 class=\"selector\"><div>Kann ich Ihre Bilder und Inhalte exportieren und in Microsoft PowerPoint einf\u00fcgen?<\/div><\/h3>\n            <div class=\"acc-content\">Eine <a href=\"https:\/\/3d4medical.com\/de\/institutional\">Institutional-<\/a> oder <a href=\"https:\/\/3d4medical.com\/de\/professional\">Professional-Lizenz<\/a> beinhaltet die Rechte zur Live-Pr\u00e4sentation von Complete Anatomy-Inhalten. Das bedeutet, dass Sie Bilder kopieren und in eine Pr\u00e4sentation einf\u00fcgen d\u00fcrfen, aber eine weitere Verbreitung dieser Materialien \u00fcber ein LMS oder andere elektronische Mittel an Studierende ist nicht erlaubt.<\/div>\n        <\/div>\n        <div class=\"acc-selector last-faq\">      \n            <h3 class=\"selector\"><div>Kann ich Ihre Bilder und Inhalte exportieren und in mein LMS hochladen?<\/div><\/h3>\n            <div class=\"acc-content\">Die Genehmigung zur Ver\u00f6ffentlichung von Complete Anatomy-Materialien in einem LMS wird nur erteilt, wenn:<br\/>\n                <br\/>\n                &#8211; Die Einrichtung derzeit \u00fcber eine <a href=\"https:\/\/3d4medical.com\/de\/institutional\">Institutional-Lizenz<\/a> verf\u00fcgt.<br\/>\n                &#8211; Die Materialien ausschlie\u00dflich an Studierende innerhalb der Einrichtung weitergegeben werden, die die <a href=\"https:\/\/3d4medical.com\/de\/institutional\">Institutional-Lizenz<\/a> besitzt.<br\/>\n                <br\/>\n                Einrichtungen k\u00f6nnen auch die <a href=\"https:\/\/de.service.elsevier.com\/app\/answers\/detail\/a_id\/35873\/supporthub\/complete-anatomy\/kw\/deep+link\/\">Deep Link Funktion<\/a> von Complete Anatomy nutzen, um Links weiterzugeben, die Studierende zu bestimmten Inhalten innerhalb der App f\u00fchren. \n            <\/div>\n        <\/div>\n     <\/div> <!-- end of accordion -->\n<\/section> <!-- end of faqs section -->\n","protected":false},"excerpt":{"rendered":"<p>Complete Anatomy ist eine der innovativsten und international mehrfach pr\u00e4mierten Plattformen f\u00fcr die Erstellung und den Austausch medizinischer Lerninhalte. \u00a0 Innerhalb der Plattform Inhaber einer Institutional-Lizenz k\u00f6nnen ihre eigenen Lehrplaninhalte innerhalb der Plattform erstellen und sie in der App mit allen Studierenden, die eine Student-Lizenz besitzen, auf allen ihren Ger\u00e4ten teilen. \u00a0 Au\u00dferhalb der Plattform [&hellip;]<a class=\"more-link\" href=\"https:\/\/3d4medical.com\/de\/use-of-imagery-videos\">Beitrag lesen<\/a><\/p>\n","protected":false},"author":9,"featured_media":0,"parent":0,"menu_order":0,"comment_status":"closed","ping_status":"closed","template":"","meta":{"_acf_changed":false,"footnotes":""},"categories":[],"tags":[],"acf":[],"aioseo_notices":[],"_links":{"self":[{"href":"https:\/\/3d4medical.com\/de\/wp-json\/wp\/v2\/pages\/15446"}],"collection":[{"href":"https:\/\/3d4medical.com\/de\/wp-json\/wp\/v2\/pages"}],"about":[{"href":"https:\/\/3d4medical.com\/de\/wp-json\/wp\/v2\/types\/page"}],"author":[{"embeddable":true,"href":"https:\/\/3d4medical.com\/de\/wp-json\/wp\/v2\/users\/9"}],"replies":[{"embeddable":true,"href":"https:\/\/3d4medical.com\/de\/wp-json\/wp\/v2\/comments?post=15446"}],"version-history":[{"count":21,"href":"https:\/\/3d4medical.com\/de\/wp-json\/wp\/v2\/pages\/15446\/revisions"}],"predecessor-version":[{"id":23520,"href":"https:\/\/3d4medical.com\/de\/wp-json\/wp\/v2\/pages\/15446\/revisions\/23520"}],"wp:attachment":[{"href":"https:\/\/3d4medical.com\/de\/wp-json\/wp\/v2\/media?parent=15446"}],"wp:term":[{"taxonomy":"category","embeddable":true,"href":"https:\/\/3d4medical.com\/de\/wp-json\/wp\/v2\/categories?post=15446"},{"taxonomy":"post_tag","embeddable":true,"href":"https:\/\/3d4medical.com\/de\/wp-json\/wp\/v2\/tags?post=15446"}],"curies":[{"name":"wp","href":"https:\/\/api.w.org\/{rel}","templated":true}]}}